{"id":10,"date":"2012-04-25T14:39:07","date_gmt":"2012-04-25T14:39:07","guid":{"rendered":"http:\/\/neu.sozialismus.info\/?page_id=10"},"modified":"2019-09-28T17:00:20","modified_gmt":"2019-09-28T15:00:20","slug":"sav","status":"publish","type":"page","link":"https:\/\/archiv.sozialismus.info\/maschinenraum\/sav\/","title":{"rendered":"SAV"},"content":{"rendered":"<p><span style=\"color: #002000;\"><strong><big><a href=\"https:\/\/www.archiv.sozialismus.info\/maschinenraum\/wp-content\/uploads\/2012\/04\/400376_446215875475389_2133640085_n-e1405088928319.jpg\"><img loading=\"lazy\" class=\"aligncenter wp-image-28416 size-large\" src=\"https:\/\/www.archiv.sozialismus.info\/maschinenraum\/wp-content\/uploads\/2012\/04\/400376_446215875475389_2133640085_n-e1405088928319-560x226.jpg\" alt=\"SAV\" width=\"560\" height=\"226\" srcset=\"https:\/\/archiv.sozialismus.info\/maschinenraum\/wp-content\/uploads\/2012\/04\/400376_446215875475389_2133640085_n-e1405088928319-560x226.jpg 560w, https:\/\/archiv.sozialismus.info\/maschinenraum\/wp-content\/uploads\/2012\/04\/400376_446215875475389_2133640085_n-e1405088928319-280x113.jpg 280w, https:\/\/archiv.sozialismus.info\/maschinenraum\/wp-content\/uploads\/2012\/04\/400376_446215875475389_2133640085_n-e1405088928319.jpg 960w\" sizes=\"(max-width: 560px) 100vw, 560px\" \/><\/a>Was will die SAV?<\/big><\/strong><\/span><\/p>\n<p>2007 begann die tiefste Finanz- und Wirtschaftskrise des Kapitalismus seit 80 Jahren. Weltweit wurden Millionen Arbeitspl\u00e4tze vernichtet, die soziale Absicherung vieler Familien zerst\u00f6rt und noch mehr Menschen in Armut gest\u00fcrzt.<\/p>\n<p>Die Krise ist nicht vorbei. Auch einen Zusammenbruch des Euro werden die Herrschenden mit ihrer pro-kapitalistischen Politik auf Dauer nicht verhindern k\u00f6nnen. Was weitere verheerende Folgen f\u00fcr die Volkswirtschaften und den Lebensstandard der Bev\u00f6lkerung haben wird.<\/p>\n<p>Die Krise wird Deutschland ebenfalls fr\u00fcher oder sp\u00e4ter mit voller Wucht treffen. Aber schon jetzt ist die Bundesrepublik das Land der arbeitenden Armen, mit einem immensen Niedriglohnsektor und Reallohnverlusten \u00fcber viele Jahre.<\/p>\n<p>Gleichzeitig w\u00e4chst die Angst vor neuen Kriegen \u2013 im Nahen Osten, im pazifischen Raum, aber auch in Europa und anderswo. Zudem nimmt die Zerst\u00f6rung der Umwelt immer bedrohlichere Formen an. W\u00e4hrend die Kapitalisten mehr und mehr auf \u00dcberwachungspolitik und staatliche Repression setzen.<\/p>\n<p>Die SAV ist der Ansicht, dass gegen jede Verschlechterung und f\u00fcr jede Verbesserung gek\u00e4mpft werden muss \u2013 nicht vereinzelt, sondern gemeinsam und organisiert. Daf\u00fcr ergreifen wir Initiativen und sind aktiv in der Partei DIE LINKE, im Jugendverband Linksjugend [&#8217;solid], in Gewerkschaften und sozialen Bewegungen.<\/p>\n<p>Die Reichen und Superreichen haben viele Parteien. Die Arbeiterklasse (darunter verstehen wir alle Menschen, die heute, in Zukunft oder in der Vergangenheit ihre Arbeitskraft verkaufen mussten, also Lohnabh\u00e4ngige, Erwerbslose, RentnerInnen, der Gro\u00dfteil der Sch\u00fclerInnen und Studierenden) braucht auch eine starke Partei, die ihre Interessen politisch zum Ausdruck bringt. Die SAV setzt sich aktiv f\u00fcr die Schaffung einer sozialistischen Massenpartei ein, die verschiedene K\u00e4mpfe und Bewegungen verbinden und das Ziel einer grundlegenden Ver\u00e4nderung der Gesellschaft in diese hinein tragen kann. Eine solche Partei h\u00e4tte nichts gemein mit den angepassten, korrupten, pro-kapitalistischen Parteien, die wir heute kennen. Zur Zeit sehen wir in der LINKEN den einzigen ernsthaften Ansatz, die n\u00f6tigen Debatten \u00fcber den Aufbau einer solchen Partei zu f\u00fchren und praktische Schritte daf\u00fcr zu ergreifen. Deshalb sind wir Teil der LINKEN und engagieren uns in der innerparteilichen Str\u00f6mung Antikapitalistische Linke (AKL). Unsere Mitglieder treten f\u00fcr eine k\u00e4mpferische, pluralistische, demokratische und sozialistische LINKE ein. Wir rufen dazu auf, aktives Mitglied in der LINKEN zu werden und gemeinsam mit uns f\u00fcr eine Ver\u00e4nderung der Partei in diese Richtung einzutreten.<\/p>\n<p>SAV-Mitglieder sind ebenso aktiv in den Gewerkschaften, ohne die eine Verteidigung der allt\u00e4glichen Lohn- und Arbeitsbedingungen der Arbeiterklasse nicht m\u00f6glich ist. Die F\u00fchrung der DGB-Gewerkschaften hat aber ihren Frieden mit dem Kapitalismus gemacht und setzt darauf, durch Co-Management die Konkurrenzf\u00e4higkeit des deutschen Kapitals zu verbessern. Wir treten f\u00fcr demokratische und k\u00e4mpferische Gewerkschaften ein, die ihre Forderungen und Ziele nicht an den sogenannten Sachzw\u00e4ngen des Kapitalismus orientieren, sondern bereit sind, den Rahmen der Konkurrenzwirtschaft zu sprengen.<\/p>\n<p>Alle Erfahrungen zeigen: Der Kapitalismus kann nicht zu einer friedlichen und sozial gerechten Gesellschaft umgestaltet werden. Deshalb gilt es, den Kampf f\u00fcr Verbesserungen mit dem Kampf f\u00fcr eine sozialistische Gesellschaft zu verbinden. Nur eine starke und organisierte Bewegung der Lohnabh\u00e4ngigen und Jugendlichen kann den Kapitalismus \u00fcberwinden und eine neue Gesellschaft gestalten. Sozialismus bedeutet, dass Wirtschaft und Gesellschaft demokratisch durch die arbeitende Bev\u00f6lkerung kontrolliert und verwaltet werden. Dazu m\u00fcssen die Banken und Konzerne in \u00f6ffentliches Eigentum \u00fcberf\u00fchrt werden. An die Stelle von Konkurrenz und Profitlogik tritt Kooperation und demokratische Planung entsprechend der Bed\u00fcrfnisse von Mensch und Natur. Das hat nichts mit den stalinistischen Diktaturen zu tun, die in der DDR oder der Sowjetunion existierten. In diesen herrschte eine abgehobene B\u00fcrokratie \u00fcber die Bev\u00f6lkerung.<\/p>\n<p>Sozialismus kann nur international erreicht werden. Die SAV tritt f\u00fcr internationale Solidarit\u00e4t und Gegenwehr ein. Wir sind Teil der sozialistischen Organisation \u201eKomitee f\u00fcr eine Arbeiterinternationale\u201c (CWI &#8211; Committee for a Workers&#8216; International), die in \u00fcber 45 L\u00e4ndern der Welt aktiv ist. Um den Kapitalismus erfolgreich st\u00fcrzen zu k\u00f6nnen, m\u00fcssen die Lehren aus den Siegen und Niederlagen der Arbeiterbewegung und entsprechende Schlussfolgerungen gezogen werden. Die Revolutionen und Aufst\u00e4nde in Nordafrika haben gezeigt: Spontan k\u00f6nnen Massenbewegungen Herrscher st\u00fcrzen und revolution\u00e4re Situationen ausl\u00f6sen. Erfolgreiche und dauerhafte Ver\u00e4nderungen der Macht- und Eigentumsverh\u00e4ltnisse sind jedoch nur m\u00f6glich, wenn die Massen \u00fcber eine schlagkr\u00e4ftige Organisation verf\u00fcgen. N\u00f6tig ist eine internationale marxistische Kraft, die diese Ideen in die Linke und die Arbeiterbewegung tr\u00e4gt, dort Wurzeln schl\u00e4gt und sich auf die anstehenden K\u00e4mpfe bewusst vorbereitet. Eine solche Organisation wollen wir aufbauen. Diskutier mit uns, werde selber aktiv und schlie\u00dfe dich der SAV und dem CWI an!<\/p>\n<p>&nbsp;<\/p>\n<table>\n<tbody>\n<tr>\n<th>Thema<\/th>\n<th>Texte<\/th>\n<th><\/th>\n<\/tr>\n<tr>\n<td><span style=\"font-size: medium;\">Programm<\/span><\/td>\n<td valign=\"middle\"><span style=\"font-size: small;\"><br \/>\n<a title=\"Forderungen\" href=\"\/sav\/forderungen\/\">Forderungen<\/a><br \/>\n<a href=\"\/Files_static\/PolitikundPraxisderSAV.pdf\">Selbstdarstellungsbrosch\u00fcre 2015<\/a><br \/>\n<a href=\"\/Files_static\/2010-10-selbstdarstellung.pdf\">Selbstdarstellungsfaltblatt<\/a><br \/>\n<a href=\"\/Files_static\/Werwirsindundwaswirwollen.pdf\">Selbstdarstellungsbrosch\u00fcre von 2007<\/a><br \/>\n<a title=\"Grundsatzprogramm der SAV\" href=\"\/sav\/grundsatzprogramm-der-sav\/\"><span style=\"font-size: small;\">Grundsatzprogramm von 1999<\/span><\/a><\/span><\/td>\n<td><a href=\"\/Files_static\/PolitikundPraxisderSAV.pdf\"><img src=\"\/Files_static\/selbstdarstellung.jpg\" alt=\"\" \/><\/a><\/td>\n<\/tr>\n<tr>\n<td><span style=\"font-size: medium;\">Geschichte<\/span><\/td>\n<td><span style=\"font-size: small;\"><br \/>\n<a href=\"\/Files_static\/30JahreVORAN_SAV.pdf\">Geschichte der SAV<\/a><br \/>\n<a title=\"Wer war Leo Trotzki?\" href=\"\/sav\/wer-war-leo-trotzki\/\">Wer war Leo Trotzki?<\/a><br \/>\n<\/span><\/td>\n<td><\/td>\n<\/tr>\n<tr>\n<td><span style=\"font-size: medium;\">Aufbau der SAV<\/span><\/td>\n<td><span style=\"font-size: small;\"><a href=\"\/Files_static\/2015-statut.pdf\">Statut<\/a><\/span><\/p>\n<table>\n<tbody>\n<tr>\n<td><\/td>\n<td><\/td>\n<td><\/td>\n<\/tr>\n<\/tbody>\n<\/table>\n<\/td>\n<td><\/td>\n<\/tr>\n<\/tbody>\n<\/table>\n<p>&nbsp;<\/p>\n","protected":false},"excerpt":{"rendered":"<p>Was will die SAV? 2007 begann die tiefste Finanz- und Wirtschaftskrise des Kapitalismus seit 80 Jahren. Weltweit wurden Millionen Arbeitspl\u00e4tze vernichtet, die soziale Absicherung vieler Familien zerst\u00f6rt und noch mehr &hellip; <\/p>\n","protected":false},"author":2,"featured_media":0,"parent":0,"menu_order":0,"comment_status":"closed","ping_status":"closed","template":"","meta":[],"_links":{"self":[{"href":"https:\/\/archiv.sozialismus.info\/maschinenraum\/wp-json\/wp\/v2\/pages\/10"}],"collection":[{"href":"https:\/\/archiv.sozialismus.info\/maschinenraum\/wp-json\/wp\/v2\/pages"}],"about":[{"href":"https:\/\/archiv.sozialismus.info\/maschinenraum\/wp-json\/wp\/v2\/types\/page"}],"author":[{"embeddable":true,"href":"https:\/\/archiv.sozialismus.info\/maschinenraum\/wp-json\/wp\/v2\/users\/2"}],"replies":[{"embeddable":true,"href":"https:\/\/archiv.sozialismus.info\/maschinenraum\/wp-json\/wp\/v2\/comments?post=10"}],"version-history":[{"count":6,"href":"https:\/\/archiv.sozialismus.info\/maschinenraum\/wp-json\/wp\/v2\/pages\/10\/revisions"}],"predecessor-version":[{"id":38333,"href":"https:\/\/archiv.sozialismus.info\/maschinenraum\/wp-json\/wp\/v2\/pages\/10\/revisions\/38333"}],"wp:attachment":[{"href":"https:\/\/archiv.sozialismus.info\/maschinenraum\/wp-json\/wp\/v2\/media?parent=10"}],"curies":[{"name":"wp","href":"https:\/\/api.w.org\/{rel}","templated":true}]}}